{"id":1846,"date":"2014-03-04T07:00:59","date_gmt":"2014-03-04T12:00:59","guid":{"rendered":"http:\/\/bfi.emblemedev.ca\/?page_id=1846"},"modified":"2021-02-19T11:32:07","modified_gmt":"2021-02-19T16:32:07","slug":"compensation-services","status":"publish","type":"page","link":"https:\/\/bf-indemnisation.com\/en\/compensation-services\/","title":{"rendered":"Compensation Services"},"content":{"rendered":"<p style=\"text-align: justify; text-transform: none!important;\"><strong>BF Indemnisation\u00a0a legal service that brings together several services under a single umbrella. We process, including but not limited to, public (CSST, IVAC, SAAQ and RRQ) and private (disability and other insurance) compensation claims. Do not hesitate to contact us if you have any questions on our range of expertise and the professional services we offer.<\/strong><\/p>\n<a class=\"btn btn-custom  btn-medium\" href=\"mailto:aaouellet@bernierfournieravocats.com\" target=\"_self\" data-bgcolor=\"#AE3928\" data-bghovercolor=\"#333333\" data-txtcolor=\"#ffffff\" data-txthovercolor=\"#ffffff\" >Contact us<\/a>\n<div class=\"row-fluid\">\n<div class=\"span4\">\n<img decoding=\"async\" style=\"margin-top: 15px; width: 200px;\" src=\"http:\/\/bf-indemnisation.com\/wp-content\/uploads\/2013\/12\/logo-saaq-avocats-quebec-bernier-fournier.jpg\" alt=\"logo-saaq-avocats-quebec-bernier-fournier\" \/><\/p>\n<hr \/>\n<p>&nbsp;<\/p>\n<h2 style=\"color: #ae3928; text-align: left;\"><a href=\"https:\/\/bf-indemnisation.com\/en\/compensation-services\/saaq-societe-de-lassurance-automobile-du-quebec\/\">SAAQ \u2013 Soci\u00e9t\u00e9 de l\u2019assurance automobile du Qu\u00e9bec (Bureau of Motor Vehicles)<\/a><\/h2>\n<p>&nbsp;<\/p>\n<p>&nbsp;<\/p>\n<p>You have been injured in an accident and wish to file for compensation by the SAAQ? You are already benefiting from SAAQ compensation, but your medical rehabilitation costs are not covered? Your situation is getting worse and the compensation paid to you is insufficient? Those are only a few of the issues we can address with you. We can assist you through all the stages of your SAAQ compensation claim process. <\/div>\n<div class=\"span4\"><img loading=\"lazy\" decoding=\"async\" width=\"300\" height=\"206\" class=\"aligncenter size-medium wp-image-1702\" style=\"width: 100px; margin-top: 10px; margin-bottom: -10px;\" src=\"http:\/\/bf-indemnisation.com\/wp-content\/uploads\/2013\/12\/logo_csst-avocats-quebec-bernier-fournier-300x206.jpg\" alt=\"logo_csst-avocats-quebec-bernier-fournier\" srcset=\"https:\/\/bf-indemnisation.com\/wp-content\/uploads\/2013\/12\/logo_csst-avocats-quebec-bernier-fournier-300x206.jpg 300w, https:\/\/bf-indemnisation.com\/wp-content\/uploads\/2013\/12\/logo_csst-avocats-quebec-bernier-fournier.jpg 528w\" sizes=\"auto, (max-width: 300px) 100vw, 300px\" \/><\/p>\n<hr \/>\n<p>&nbsp;<\/p>\n<h2 style=\"color: #ae3928; text-align: left;\"><a href=\"https:\/\/bf-indemnisation.com\/en\/compensation-services\/cnesst-la-commission-des-normes-de-lequite-de-la-sante-et-de-la-securite-du-travail\/\">CSST \u2013 La Commission de la sant\u00e9 et de la s\u00e9curit\u00e9 du travail (Occupational health and safety commission)<\/a><\/h2>\n<p>&nbsp;<\/p>\n<p>&nbsp;<\/p>\n<p>&nbsp;<\/p>\n<p>A work-related injury is preventing you from accomplishing your professional tasks? You have suffered a relapse or your condition has worsened following a work-related accident? One of your relatives died in a work-related incident? You are dissatisfied with the income replacement benefit you are receiving? Make an appointment with one of our BF Indemnisation experts and we will review your claim in order to make sure that you are receiving what you are entitled to. <\/div>\n<div class=\"span4\"><img loading=\"lazy\" decoding=\"async\" width=\"300\" height=\"70\" class=\"aligncenter size-medium wp-image-1695\" style=\"margin-top: 35px; width: 165px;\" src=\"http:\/\/bf-indemnisation.com\/wp-content\/uploads\/2013\/12\/logo_RRQ-avocats-quebec-bernier-fournier-300x70.jpg\" alt=\"logo_RRQ-avocats-quebec-bernier-fournier\" srcset=\"https:\/\/bf-indemnisation.com\/wp-content\/uploads\/2013\/12\/logo_RRQ-avocats-quebec-bernier-fournier-300x70.jpg 300w, https:\/\/bf-indemnisation.com\/wp-content\/uploads\/2013\/12\/logo_RRQ-avocats-quebec-bernier-fournier-1024x239.jpg 1024w\" sizes=\"auto, (max-width: 300px) 100vw, 300px\" \/><\/p>\n<hr \/>\n<p>&nbsp;<\/p>\n<h2 style=\"color: #ae3928; text-align: left;\"><a href=\"https:\/\/bf-indemnisation.com\/en\/compensation-services\/rrq-regie-des-rentes-du-quebec\/\">RRQ &#8211; R\u00e9gie des rentes du Qu\u00e9bec (Quebec pension Plan)<\/a><\/h2>\n<p>&nbsp;<\/p>\n<p>You are dissatisfied with the RRQ benefits you are receiving? You wish to contest the interpretation of your medical records, but the process seems to drag on forever? For advice or to entrust us with your claim, contact BF Indemnisation. Let our expert staff take care of your claim and, rest assured, we will ensure you will receive the benefits to which you are entitled.<br \/>\n<\/div>\n<\/div>\n<div class=\"row-fluid\">\n<div class=\"span4\">\n<img loading=\"lazy\" decoding=\"async\" width=\"80\" height=\"83\" class=\"aligncenter size-full wp-image-1698\" style=\"width: 80px;\" src=\"http:\/\/bf-indemnisation.com\/wp-content\/uploads\/2013\/12\/logo_ivac-avocats-quebec-bernier-fournier.png\" alt=\"logo_ivac-avocats-quebec-bernier-fournier\" \/><\/p>\n<hr \/>\n<p>&nbsp;<\/p>\n<h2 style=\"color: #ae3928; text-align: left;\"><a href=\"https:\/\/bf-indemnisation.com\/en\/compensation-services\/ivac-indemnisation-des-victimes-dactes-criminels\/\">IVAC &#8211; Indemnisation des victimes d\u2019actes criminels (Crime victims compensation)<\/a><\/h2>\n<p>&nbsp;<\/p>\n<p>&nbsp;<\/p>\n<p>Crime victims often have other things to worry about than dealing with their compensation claim file. By entrusting BF Indemnisation experts with your claim, you can avoid additional worries and you can be certain that you will receive everything you are entitled to.<\/div>\n<\/div>\n","protected":false},"excerpt":{"rendered":"<p>BF Indemnisation\u00a0a legal service that brings together several services under a single umbrella. We process, including but not limited to, public (CSST, IVAC, SAAQ and RRQ) and private (disability and other insurance) compensation claims. Do not hesitate to contact us if you have any questions on our range of expertise and the professional services we [&hellip;]<\/p>\n","protected":false},"author":2,"featured_media":0,"parent":0,"menu_order":0,"comment_status":"closed","ping_status":"open","template":"","meta":{"footnotes":""},"class_list":["post-1846","page","type-page","status-publish","hentry"],"_links":{"self":[{"href":"https:\/\/bf-indemnisation.com\/en\/wp-json\/wp\/v2\/pages\/1846","targetHints":{"allow":["GET"]}}],"collection":[{"href":"https:\/\/bf-indemnisation.com\/en\/wp-json\/wp\/v2\/pages"}],"about":[{"href":"https:\/\/bf-indemnisation.com\/en\/wp-json\/wp\/v2\/types\/page"}],"author":[{"embeddable":true,"href":"https:\/\/bf-indemnisation.com\/en\/wp-json\/wp\/v2\/users\/2"}],"replies":[{"embeddable":true,"href":"https:\/\/bf-indemnisation.com\/en\/wp-json\/wp\/v2\/comments?post=1846"}],"version-history":[{"count":10,"href":"https:\/\/bf-indemnisation.com\/en\/wp-json\/wp\/v2\/pages\/1846\/revisions"}],"predecessor-version":[{"id":2433,"href":"https:\/\/bf-indemnisation.com\/en\/wp-json\/wp\/v2\/pages\/1846\/revisions\/2433"}],"wp:attachment":[{"href":"https:\/\/bf-indemnisation.com\/en\/wp-json\/wp\/v2\/media?parent=1846"}],"curies":[{"name":"wp","href":"https:\/\/api.w.org\/{rel}","templated":true}]}}