{"id":1851,"date":"2014-03-04T10:21:32","date_gmt":"2014-03-04T15:21:32","guid":{"rendered":"http:\/\/bfi.emblemedev.ca\/?page_id=1851"},"modified":"2021-02-02T15:20:22","modified_gmt":"2021-02-02T20:20:22","slug":"cnesst-la-commission-des-normes-de-lequite-de-la-sante-et-de-la-securite-du-travail","status":"publish","type":"page","link":"https:\/\/bf-indemnisation.com\/en\/compensation-services\/cnesst-la-commission-des-normes-de-lequite-de-la-sante-et-de-la-securite-du-travail\/","title":{"rendered":"CNESST &#8211; La Commission des normes, de l&#8217;\u00e9quit\u00e9, de la sant\u00e9 et de la s\u00e9curit\u00e9 du travail"},"content":{"rendered":"<p><img loading=\"lazy\" decoding=\"async\" class=\"size-medium wp-image-2291 alignleft\" src=\"https:\/\/bf-indemnisation.com\/wp-content\/uploads\/2020\/05\/CNESST-300x115.png\" alt=\"\" width=\"300\" height=\"115\" srcset=\"https:\/\/bf-indemnisation.com\/wp-content\/uploads\/2020\/05\/CNESST-300x115.png 300w, https:\/\/bf-indemnisation.com\/wp-content\/uploads\/2020\/05\/CNESST.png 362w\" sizes=\"auto, (max-width: 300px) 100vw, 300px\" \/><\/p>\n<p><strong>BF Indemnisation<\/strong> provides the services of a lawyer who specializes in handling CNESST files. Depending on your needs and on the complexity of your case, we can fully manage your file or simply advise you, process your claims and challenge CNESST decisions (RRArecurrence, relapse or aggravation, BEMBureau d&#8217;\u00e9valuation m\u00e9dicale, IRR, income replacement indemnity treatment, rehabilitation, fatality, review of a decision, conciliation or representation before the Commission des l\u00e9sions professionnelles (CLP), claims for wrongful dismissal or discrimination, etc.).<\/p>\n<p>&nbsp;<\/p>\n<p>The importance of decisions made by the compensation officer and the Administrative Review Board should not be undermined, and we strongly recommended that you consult a lawyer specialized in CNESST compensation cases to be fully aware of your rights. Proper management of your file is essential if you wish to receive all of the benefits you are entitled to receive under the Act respecting industrial accidents and occupational diseases. It is understandable that during work stoppage, the priority of anyone suffering from a work-related injury is to receive adequate care and to continue to provide for his family. However, when the administrative process becomes a burden, and when the inactivity caused by the injury as well as medication side effects begin affecting one\u2019s state of mind, one tends to neglect his file and rights. Doing so may limit your chances of winning a case before the Commission des l\u00e9sions professionnelles, which is the court of appeal for work-related incidents. Facing the Court without the representation of a lawyer is not recommended considering the medical and legal complexity of the files.<\/p>\n<p>Whatever your situation may be, do not hesitate to call upon our team of professionals at <strong>BF Indemnisation<\/strong>. They will be able to help and guide you through the process of defending your rights.<\/p>\n<a class=\"btn btn-custom  btn-medium\" href=\"mailto:dwysocki@bernierfournieravocats.com\" target=\"_self\" data-bgcolor=\"#AE3928\" data-bghovercolor=\"#333333\" data-txtcolor=\"#ffffff\" data-txthovercolor=\"#ffffff\" >Contact us<\/a>\n","protected":false},"excerpt":{"rendered":"<p>BF Indemnisation provides the services of a lawyer who specializes in handling CNESST files. Depending on your needs and on the complexity of your case, we can fully manage your file or simply advise you, process your claims and challenge CNESST decisions (RRArecurrence, relapse or aggravation, BEMBureau d&#8217;\u00e9valuation m\u00e9dicale, IRR, income replacement indemnity treatment, rehabilitation, [&hellip;]<\/p>\n","protected":false},"author":2,"featured_media":0,"parent":1846,"menu_order":0,"comment_status":"closed","ping_status":"open","template":"","meta":{"footnotes":""},"class_list":["post-1851","page","type-page","status-publish","hentry"],"_links":{"self":[{"href":"https:\/\/bf-indemnisation.com\/en\/wp-json\/wp\/v2\/pages\/1851","targetHints":{"allow":["GET"]}}],"collection":[{"href":"https:\/\/bf-indemnisation.com\/en\/wp-json\/wp\/v2\/pages"}],"about":[{"href":"https:\/\/bf-indemnisation.com\/en\/wp-json\/wp\/v2\/types\/page"}],"author":[{"embeddable":true,"href":"https:\/\/bf-indemnisation.com\/en\/wp-json\/wp\/v2\/users\/2"}],"replies":[{"embeddable":true,"href":"https:\/\/bf-indemnisation.com\/en\/wp-json\/wp\/v2\/comments?post=1851"}],"version-history":[{"count":8,"href":"https:\/\/bf-indemnisation.com\/en\/wp-json\/wp\/v2\/pages\/1851\/revisions"}],"predecessor-version":[{"id":2434,"href":"https:\/\/bf-indemnisation.com\/en\/wp-json\/wp\/v2\/pages\/1851\/revisions\/2434"}],"up":[{"embeddable":true,"href":"https:\/\/bf-indemnisation.com\/en\/wp-json\/wp\/v2\/pages\/1846"}],"wp:attachment":[{"href":"https:\/\/bf-indemnisation.com\/en\/wp-json\/wp\/v2\/media?parent=1851"}],"curies":[{"name":"wp","href":"https:\/\/api.w.org\/{rel}","templated":true}]}}